{"id":2077,"date":"2025-12-16T15:16:25","date_gmt":"2025-12-16T15:16:25","guid":{"rendered":"https:\/\/wincasinoeasy.com\/lv\/atsauksmes\/immerion\/immerion-spelu-automati\/"},"modified":"2025-12-16T15:16:25","modified_gmt":"2025-12-16T15:16:25","slug":"immerion-spelu-automati","status":"publish","type":"page","link":"https:\/\/wincasinoeasy.com\/lv\/atsauksmes\/immerion\/immerion-spelu-automati\/","title":{"rendered":"Immerion sp\u0113\u013cu autom\u0101ti"},"content":{"rendered":"","protected":false},"excerpt":{"rendered":"","protected":false},"author":1,"featured_media":0,"parent":258,"menu_order":1690,"comment_status":"closed","ping_status":"closed","template":"","meta":{"_acf_changed":false,"footnotes":""},"class_list":["post-2077","page","type-page","status-publish","hentry"],"acf":[],"_links":{"self":[{"href":"https:\/\/wincasinoeasy.com\/lv\/wp-json\/wp\/v2\/pages\/2077","targetHints":{"allow":["GET"]}}],"collection":[{"href":"https:\/\/wincasinoeasy.com\/lv\/wp-json\/wp\/v2\/pages"}],"about":[{"href":"https:\/\/wincasinoeasy.com\/lv\/wp-json\/wp\/v2\/types\/page"}],"author":[{"embeddable":true,"href":"https:\/\/wincasinoeasy.com\/lv\/wp-json\/wp\/v2\/users\/1"}],"replies":[{"embeddable":true,"href":"https:\/\/wincasinoeasy.com\/lv\/wp-json\/wp\/v2\/comments?post=2077"}],"version-history":[{"count":0,"href":"https:\/\/wincasinoeasy.com\/lv\/wp-json\/wp\/v2\/pages\/2077\/revisions"}],"up":[{"embeddable":true,"href":"https:\/\/wincasinoeasy.com\/lv\/wp-json\/wp\/v2\/pages\/258"}],"wp:attachment":[{"href":"https:\/\/wincasinoeasy.com\/lv\/wp-json\/wp\/v2\/media?parent=2077"}],"curies":[{"name":"wp","href":"https:\/\/api.w.org\/{rel}","templated":true}]}}