{"id":2819,"date":"2025-12-16T15:18:23","date_gmt":"2025-12-16T15:18:23","guid":{"rendered":"https:\/\/wincasinoeasy.com\/lv\/atsauksmes\/monro\/monro-spelu-automati\/"},"modified":"2025-12-16T15:18:23","modified_gmt":"2025-12-16T15:18:23","slug":"monro-spelu-automati","status":"publish","type":"page","link":"https:\/\/wincasinoeasy.com\/lv\/atsauksmes\/monro\/monro-spelu-automati\/","title":{"rendered":"Monro sp\u0113\u013cu autom\u0101ti"},"content":{"rendered":"","protected":false},"excerpt":{"rendered":"","protected":false},"author":1,"featured_media":0,"parent":272,"menu_order":2432,"comment_status":"closed","ping_status":"closed","template":"","meta":{"_acf_changed":false,"footnotes":""},"class_list":["post-2819","page","type-page","status-publish","hentry"],"acf":[],"_links":{"self":[{"href":"https:\/\/wincasinoeasy.com\/lv\/wp-json\/wp\/v2\/pages\/2819","targetHints":{"allow":["GET"]}}],"collection":[{"href":"https:\/\/wincasinoeasy.com\/lv\/wp-json\/wp\/v2\/pages"}],"about":[{"href":"https:\/\/wincasinoeasy.com\/lv\/wp-json\/wp\/v2\/types\/page"}],"author":[{"embeddable":true,"href":"https:\/\/wincasinoeasy.com\/lv\/wp-json\/wp\/v2\/users\/1"}],"replies":[{"embeddable":true,"href":"https:\/\/wincasinoeasy.com\/lv\/wp-json\/wp\/v2\/comments?post=2819"}],"version-history":[{"count":0,"href":"https:\/\/wincasinoeasy.com\/lv\/wp-json\/wp\/v2\/pages\/2819\/revisions"}],"up":[{"embeddable":true,"href":"https:\/\/wincasinoeasy.com\/lv\/wp-json\/wp\/v2\/pages\/272"}],"wp:attachment":[{"href":"https:\/\/wincasinoeasy.com\/lv\/wp-json\/wp\/v2\/media?parent=2819"}],"curies":[{"name":"wp","href":"https:\/\/api.w.org\/{rel}","templated":true}]}}