{"id":4279,"date":"2025-12-16T15:22:22","date_gmt":"2025-12-16T15:22:22","guid":{"rendered":"https:\/\/wincasinoeasy.com\/lv\/atsauksmes\/trino\/trino-karsu-speles\/"},"modified":"2025-12-16T15:22:22","modified_gmt":"2025-12-16T15:22:22","slug":"trino-karsu-speles","status":"publish","type":"page","link":"https:\/\/wincasinoeasy.com\/lv\/atsauksmes\/trino\/trino-karsu-speles\/","title":{"rendered":"Trino k\u0101r\u0161u sp\u0113les"},"content":{"rendered":"","protected":false},"excerpt":{"rendered":"","protected":false},"author":1,"featured_media":0,"parent":300,"menu_order":3892,"comment_status":"closed","ping_status":"closed","template":"","meta":{"_acf_changed":false,"footnotes":""},"class_list":["post-4279","page","type-page","status-publish","hentry"],"acf":[],"_links":{"self":[{"href":"https:\/\/wincasinoeasy.com\/lv\/wp-json\/wp\/v2\/pages\/4279","targetHints":{"allow":["GET"]}}],"collection":[{"href":"https:\/\/wincasinoeasy.com\/lv\/wp-json\/wp\/v2\/pages"}],"about":[{"href":"https:\/\/wincasinoeasy.com\/lv\/wp-json\/wp\/v2\/types\/page"}],"author":[{"embeddable":true,"href":"https:\/\/wincasinoeasy.com\/lv\/wp-json\/wp\/v2\/users\/1"}],"replies":[{"embeddable":true,"href":"https:\/\/wincasinoeasy.com\/lv\/wp-json\/wp\/v2\/comments?post=4279"}],"version-history":[{"count":0,"href":"https:\/\/wincasinoeasy.com\/lv\/wp-json\/wp\/v2\/pages\/4279\/revisions"}],"up":[{"embeddable":true,"href":"https:\/\/wincasinoeasy.com\/lv\/wp-json\/wp\/v2\/pages\/300"}],"wp:attachment":[{"href":"https:\/\/wincasinoeasy.com\/lv\/wp-json\/wp\/v2\/media?parent=4279"}],"curies":[{"name":"wp","href":"https:\/\/api.w.org\/{rel}","templated":true}]}}