{"id":752,"date":"2025-12-16T15:13:32","date_gmt":"2025-12-16T15:13:32","guid":{"rendered":"https:\/\/wincasinoeasy.com\/lv\/atsauksmes\/bc-game\/bc-game-spelu-automati\/"},"modified":"2025-12-16T15:13:32","modified_gmt":"2025-12-16T15:13:32","slug":"bc-game-spelu-automati","status":"publish","type":"page","link":"https:\/\/wincasinoeasy.com\/lv\/atsauksmes\/bc-game\/bc-game-spelu-automati\/","title":{"rendered":"BC.GAME sp\u0113\u013cu autom\u0101ti"},"content":{"rendered":"","protected":false},"excerpt":{"rendered":"","protected":false},"author":1,"featured_media":0,"parent":233,"menu_order":365,"comment_status":"closed","ping_status":"closed","template":"","meta":{"_acf_changed":false,"footnotes":""},"class_list":["post-752","page","type-page","status-publish","hentry"],"acf":[],"_links":{"self":[{"href":"https:\/\/wincasinoeasy.com\/lv\/wp-json\/wp\/v2\/pages\/752","targetHints":{"allow":["GET"]}}],"collection":[{"href":"https:\/\/wincasinoeasy.com\/lv\/wp-json\/wp\/v2\/pages"}],"about":[{"href":"https:\/\/wincasinoeasy.com\/lv\/wp-json\/wp\/v2\/types\/page"}],"author":[{"embeddable":true,"href":"https:\/\/wincasinoeasy.com\/lv\/wp-json\/wp\/v2\/users\/1"}],"replies":[{"embeddable":true,"href":"https:\/\/wincasinoeasy.com\/lv\/wp-json\/wp\/v2\/comments?post=752"}],"version-history":[{"count":0,"href":"https:\/\/wincasinoeasy.com\/lv\/wp-json\/wp\/v2\/pages\/752\/revisions"}],"up":[{"embeddable":true,"href":"https:\/\/wincasinoeasy.com\/lv\/wp-json\/wp\/v2\/pages\/233"}],"wp:attachment":[{"href":"https:\/\/wincasinoeasy.com\/lv\/wp-json\/wp\/v2\/media?parent=752"}],"curies":[{"name":"wp","href":"https:\/\/api.w.org\/{rel}","templated":true}]}}