{"id":8195,"date":"2025-12-17T11:40:12","date_gmt":"2025-12-17T11:40:12","guid":{"rendered":"https:\/\/wincasinoeasy.com\/lv\/atras-izmaksas-kazino\/atras-izmaksas-kazino-cesis\/"},"modified":"2025-12-17T11:40:12","modified_gmt":"2025-12-17T11:40:12","slug":"atras-izmaksas-kazino-cesis","status":"publish","type":"page","link":"https:\/\/wincasinoeasy.com\/lv\/atras-izmaksas-kazino\/atras-izmaksas-kazino-cesis\/","title":{"rendered":"\u0100tras izmaksas kazino C\u0113s\u012bs"},"content":{"rendered":"","protected":false},"excerpt":{"rendered":"","protected":false},"author":1,"featured_media":0,"parent":125,"menu_order":448,"comment_status":"closed","ping_status":"closed","template":"","meta":{"_acf_changed":false,"footnotes":""},"class_list":["post-8195","page","type-page","status-publish","hentry"],"acf":[],"_links":{"self":[{"href":"https:\/\/wincasinoeasy.com\/lv\/wp-json\/wp\/v2\/pages\/8195","targetHints":{"allow":["GET"]}}],"collection":[{"href":"https:\/\/wincasinoeasy.com\/lv\/wp-json\/wp\/v2\/pages"}],"about":[{"href":"https:\/\/wincasinoeasy.com\/lv\/wp-json\/wp\/v2\/types\/page"}],"author":[{"embeddable":true,"href":"https:\/\/wincasinoeasy.com\/lv\/wp-json\/wp\/v2\/users\/1"}],"replies":[{"embeddable":true,"href":"https:\/\/wincasinoeasy.com\/lv\/wp-json\/wp\/v2\/comments?post=8195"}],"version-history":[{"count":0,"href":"https:\/\/wincasinoeasy.com\/lv\/wp-json\/wp\/v2\/pages\/8195\/revisions"}],"up":[{"embeddable":true,"href":"https:\/\/wincasinoeasy.com\/lv\/wp-json\/wp\/v2\/pages\/125"}],"wp:attachment":[{"href":"https:\/\/wincasinoeasy.com\/lv\/wp-json\/wp\/v2\/media?parent=8195"}],"curies":[{"name":"wp","href":"https:\/\/api.w.org\/{rel}","templated":true}]}}